{"id":61,"date":"2020-06-17T08:17:53","date_gmt":"2020-06-17T08:17:53","guid":{"rendered":"http:\/\/gridanalysis.de\/?page_id=61"},"modified":"2020-10-01T13:21:44","modified_gmt":"2020-10-01T13:21:44","slug":"kontakt","status":"publish","type":"page","link":"http:\/\/gridanalysis.de\/?page_id=61","title":{"rendered":"Kontakt"},"content":{"rendered":"<hr \/>\n<h1>Konsortialf\u00fchrung<\/h1>\n<p><img loading=\"lazy\" class=\"alignnone  wp-image-103\" src=\"http:\/\/gridanalysis.de\/wp-content\/uploads\/2020\/07\/htwsaar_Logo_LA-300x56.png\" alt=\"\" width=\"188\" height=\"35\" srcset=\"http:\/\/gridanalysis.de\/wp-content\/uploads\/2020\/07\/htwsaar_Logo_LA-300x56.png 300w, http:\/\/gridanalysis.de\/wp-content\/uploads\/2020\/07\/htwsaar_Logo_LA-1024x192.png 1024w, http:\/\/gridanalysis.de\/wp-content\/uploads\/2020\/07\/htwsaar_Logo_LA-768x144.png 768w, http:\/\/gridanalysis.de\/wp-content\/uploads\/2020\/07\/htwsaar_Logo_LA.png 1181w\" sizes=\"(max-width: 188px) 100vw, 188px\" \/><\/p>\n<p><strong>Hochschule f\u00fcr Technik und Wirtschaft des Saarlandes<br \/>Prof. Dr.-Ing. Michael Igel<br \/><\/strong>Goebenstra\u00dfe 40 <br \/>66117 Saarbr\u00fccken<\/p>\n<p>T: +49 681 5867 &#8211; 360<br \/>M: +49 175 6452194<br \/>E-Mail: michael.igel@htwsaar.de<\/p>\n<hr \/>\n<h1>Ansprechpartner<\/h1>\n<p><img loading=\"lazy\" class=\"alignnone  wp-image-138\" src=\"http:\/\/gridanalysis.de\/wp-content\/uploads\/2020\/09\/LogoDFKI.png\" alt=\"\" width=\"318\" height=\"64\" \/><\/p>\n<p><strong>Deutsche Forschungszentrum f\u00fcr K\u00fcnstliche Intelligenz GmbH<\/strong><br \/><strong>Dr. Boris Brandherm<br \/><\/strong>Saarland Informatics<br \/>Campus D 3_2<br \/>66123 Saarbr\u00fccken<\/p>\n<p>T: +49 681 302 &#8211; 3496<br \/>E-Mail: boris.brandherm@dfki.de<\/p>\n<hr \/>\n<p><img loading=\"lazy\" class=\"alignnone  wp-image-32\" src=\"http:\/\/gridanalysis.de\/wp-content\/uploads\/2020\/06\/PowerEngs-300x214.png\" alt=\"\" width=\"161\" height=\"115\" srcset=\"http:\/\/gridanalysis.de\/wp-content\/uploads\/2020\/06\/PowerEngs-300x214.png 300w, http:\/\/gridanalysis.de\/wp-content\/uploads\/2020\/06\/PowerEngs-120x85.png 120w, http:\/\/gridanalysis.de\/wp-content\/uploads\/2020\/06\/PowerEngs.png 394w\" sizes=\"(max-width: 161px) 100vw, 161px\" \/>\u00a0 <br \/>\u00a0 \u00a0<img loading=\"lazy\" class=\"alignnone  wp-image-103\" src=\"http:\/\/gridanalysis.de\/wp-content\/uploads\/2020\/07\/htwsaar_Logo_LA-300x56.png\" alt=\"\" width=\"150\" height=\"28\" srcset=\"http:\/\/gridanalysis.de\/wp-content\/uploads\/2020\/07\/htwsaar_Logo_LA-300x56.png 300w, http:\/\/gridanalysis.de\/wp-content\/uploads\/2020\/07\/htwsaar_Logo_LA-1024x192.png 1024w, http:\/\/gridanalysis.de\/wp-content\/uploads\/2020\/07\/htwsaar_Logo_LA-768x144.png 768w, http:\/\/gridanalysis.de\/wp-content\/uploads\/2020\/07\/htwsaar_Logo_LA.png 1181w\" sizes=\"(max-width: 150px) 100vw, 150px\" \/><\/p>\n<p><strong>Institut f\u00fcr Elektrische Energiesysteme<br \/>Andreas Winter, M.Sc.<br \/><\/strong>Goebenstra\u00dfe 40<br \/>66117 Saarbr\u00fccken<\/p>\n<p>T: +49 681 5867 &#8211; 356<br \/>E-Mail: andreas.winter@htwsaar.de<\/p>\n<hr \/>\n<p><img loading=\"lazy\" class=\"alignnone size-medium wp-image-93\" src=\"http:\/\/gridanalysis.de\/wp-content\/uploads\/2020\/06\/swsls-logo@2x-300x85.png\" alt=\"\" width=\"300\" height=\"85\" srcset=\"http:\/\/gridanalysis.de\/wp-content\/uploads\/2020\/06\/swsls-logo@2x-300x85.png 300w, http:\/\/gridanalysis.de\/wp-content\/uploads\/2020\/06\/swsls-logo@2x.png 508w\" sizes=\"(max-width: 300px) 100vw, 300px\" \/><\/p>\n<p><strong>Stadtwerke Saarlouis GmbH<br \/>Steven Rink, M.Sc.<br \/><\/strong>Holtzendorffer Stra\u00dfe 12<br \/>66740 Saarlouis<\/p>\n<p>T: +49 6831 9596 &#8211; 482<br \/>E-Mail: srink@swsls.de<\/p>\n<hr \/>\n<p><img loading=\"lazy\" class=\"alignnone  wp-image-42\" src=\"http:\/\/gridanalysis.de\/wp-content\/uploads\/2020\/06\/VSE-Verteilnetz_4c_2D-e1592377616644-300x148.png\" alt=\"\" width=\"227\" height=\"112\" srcset=\"http:\/\/gridanalysis.de\/wp-content\/uploads\/2020\/06\/VSE-Verteilnetz_4c_2D-e1592377616644-300x148.png 300w, http:\/\/gridanalysis.de\/wp-content\/uploads\/2020\/06\/VSE-Verteilnetz_4c_2D-e1592377616644.png 698w\" sizes=\"(max-width: 227px) 100vw, 227px\" \/><\/p>\n<p><strong>VSE Verteilnetz GmbH<br \/>Markus Albert, M.Sc.<br \/><\/strong>Heinrich-B\u00f6cking-Stra\u00dfe 10<br \/>66121 Saarbr\u00fccken<\/p>\n<p>T: +49 681 4030 &#8211; 1224<br \/>E-Mail: markus.albert@vse-verteilnetz.de<\/p>\n\n\n<p><\/p>\n","protected":false},"excerpt":{"rendered":"<p>Konsortialf\u00fchrung Hochschule f\u00fcr Technik und Wirtschaft des SaarlandesProf. Dr.-Ing. Michael IgelGoebenstra\u00dfe 40 66117 Saarbr\u00fccken T: +49 681 5867 &#8211; 360M: +49 175 6452194E-Mail: michael.igel@htwsaar.de Ansprechpartner &hellip; <\/p>\n","protected":false},"author":2,"featured_media":0,"parent":0,"menu_order":4,"comment_status":"closed","ping_status":"closed","template":"","meta":[],"_links":{"self":[{"href":"http:\/\/gridanalysis.de\/index.php?rest_route=\/wp\/v2\/pages\/61"}],"collection":[{"href":"http:\/\/gridanalysis.de\/index.php?rest_route=\/wp\/v2\/pages"}],"about":[{"href":"http:\/\/gridanalysis.de\/index.php?rest_route=\/wp\/v2\/types\/page"}],"author":[{"embeddable":true,"href":"http:\/\/gridanalysis.de\/index.php?rest_route=\/wp\/v2\/users\/2"}],"replies":[{"embeddable":true,"href":"http:\/\/gridanalysis.de\/index.php?rest_route=%2Fwp%2Fv2%2Fcomments&post=61"}],"version-history":[{"count":16,"href":"http:\/\/gridanalysis.de\/index.php?rest_route=\/wp\/v2\/pages\/61\/revisions"}],"predecessor-version":[{"id":148,"href":"http:\/\/gridanalysis.de\/index.php?rest_route=\/wp\/v2\/pages\/61\/revisions\/148"}],"wp:attachment":[{"href":"http:\/\/gridanalysis.de\/index.php?rest_route=%2Fwp%2Fv2%2Fmedia&parent=61"}],"curies":[{"name":"wp","href":"https:\/\/api.w.org\/{rel}","templated":true}]}}