{"id":179,"date":"2022-03-20T14:25:48","date_gmt":"2022-03-20T14:25:48","guid":{"rendered":"http:\/\/gridanalysis.de\/?page_id=179"},"modified":"2022-03-20T14:52:48","modified_gmt":"2022-03-20T14:52:48","slug":"publikationen","status":"publish","type":"page","link":"http:\/\/gridanalysis.de\/?page_id=179","title":{"rendered":"Publikationen"},"content":{"rendered":"\n<h2>2022<\/h2>\n\n\n\n<ul><li>Winter, Andreas; Prinz, Selina; Diegler, Johannes; Igel, Michael; Schegner, Peter (2022): Monitoring in Niederspannungsnetzen mit Verfahren der K\u00fcnstlichen Intelligenz &#8211; Validieren der Methodik in einem realen Stromnetz. In: 17. Symposium Energieinnovation, 16.-18.02.2022, Graz\/Austria.<\/li><li>Winter, Andreas; Brandherm, Boris; Igel, Michael; Schegner, Peter (2022): Klassische Stromnetzberechnung in Kombination mit k\u00fcnstlicher Intelligenz zur Analyse und Diagnose von Stromverteilnetzen. In: VDE FNN-\/ETG-Tutorial Schutz- und Leittechnik &#8211; Online Preview 2022, 15.02.2022.<\/li><\/ul>\n\n\n\n<h2>2021<\/h2>\n\n\n\n<ul><li>Winter, Andreas; Igel, Michael; Kiefer, Gian-Luca; Deru, Matthieu; Ndiaye, Alassane; Brandherm, Boris; Baus, J\u00f6rg; Rink, Steven; Oliveras, Henri; T\u00e4nzer, Guillem; Deckarm, Michael; Albert, Markus (2021): K\u00fcnstliche Intelligenz in Stromverteilnetzen &#8211; KI-basierte Systemanalyse im Normal- und Kurzschlussbetrieb. In: ew &#8211; Magazin f\u00fcr die Energiewirtschaft, 12.2021. Berlin: VDE-Verlag, S. 32-35. <\/li><\/ul>\n","protected":false},"excerpt":{"rendered":"<p>2022 Winter, Andreas; Prinz, Selina; Diegler, Johannes; Igel, Michael; Schegner, Peter (2022): Monitoring in Niederspannungsnetzen mit Verfahren der K\u00fcnstlichen Intelligenz &#8211; Validieren der Methodik in &hellip; <\/p>\n","protected":false},"author":2,"featured_media":0,"parent":0,"menu_order":3,"comment_status":"closed","ping_status":"closed","template":"","meta":[],"_links":{"self":[{"href":"http:\/\/gridanalysis.de\/index.php?rest_route=\/wp\/v2\/pages\/179"}],"collection":[{"href":"http:\/\/gridanalysis.de\/index.php?rest_route=\/wp\/v2\/pages"}],"about":[{"href":"http:\/\/gridanalysis.de\/index.php?rest_route=\/wp\/v2\/types\/page"}],"author":[{"embeddable":true,"href":"http:\/\/gridanalysis.de\/index.php?rest_route=\/wp\/v2\/users\/2"}],"replies":[{"embeddable":true,"href":"http:\/\/gridanalysis.de\/index.php?rest_route=%2Fwp%2Fv2%2Fcomments&post=179"}],"version-history":[{"count":7,"href":"http:\/\/gridanalysis.de\/index.php?rest_route=\/wp\/v2\/pages\/179\/revisions"}],"predecessor-version":[{"id":191,"href":"http:\/\/gridanalysis.de\/index.php?rest_route=\/wp\/v2\/pages\/179\/revisions\/191"}],"wp:attachment":[{"href":"http:\/\/gridanalysis.de\/index.php?rest_route=%2Fwp%2Fv2%2Fmedia&parent=179"}],"curies":[{"name":"wp","href":"https:\/\/api.w.org\/{rel}","templated":true}]}}